{"id":6,"date":"2011-08-15T13:22:13","date_gmt":"2011-08-15T13:22:13","guid":{"rendered":"http:\/\/celje1.skavt.net\/bokss\/?page_id=6"},"modified":"2013-03-12T21:55:21","modified_gmt":"2013-03-12T20:55:21","slug":"kontakt","status":"publish","type":"page","link":"http:\/\/celje1.skavt.net\/bokss\/?page_id=6","title":{"rendered":"Kontakt"},"content":{"rendered":"<p><strong>Naslov dru\u0161tva:<\/strong><br \/>\nDru\u0161tvo odraslih katoli\u0161kih skavtinj in skavtov Celje<br \/>\nBreg 18<br \/>\n3000 Celje<\/p>\n<hr align=\"LEFT\" width=\"300\" \/>\n<p><strong>Vodja bratov\u0161\u010dine:\u00a0<\/strong>Judita Tratnik Ka\u010d (Preudarna volkulja), \u00a0judita.kac@skavt.net; 041 295 232<\/p>\n<p><strong>Pomo\u010dnik vodje bratov\u0161\u010dine:<\/strong>Darko Poto\u010dnik (Sr\u010dni krt),\u00a0<a href=\"mailto:darko.potocnik@skavt.net\">darko.potocnik@skavt.net<\/a><\/p>\n<p><strong>Tajnica<\/strong>: Majda Kamplet (Po\u017ertvovalna srna), majda.kamplet@siol.net<\/p>\n<p><strong>Blagajni\u010darka:<\/strong> Angelca Pikl (Velikodu\u0161na sini\u010dka); angelca.pikl@t-1.si<\/p>\n<hr align=\"LEFT\" width=\"300\" \/>\n<p><strong>Skrbnik spletne strani:<br \/>\n<\/strong>Tomi Viher (Nagajivi kenguru)\u00a0tomislav.viher@gmail.com<\/p>\n<div>Administracija strani:<\/div>\n<div><span class=\"Apple-style-span\" style=\"font-family: Verdana, Geneva, Arial, helvetica, sans-serif; font-size: 12px; line-height: normal; background-color: #f4f7d7;\">Tadej Ka\u010d (Pojo\u010di orel) tadzyu@gmail.com (Steg Celje1) <\/span><\/div>\n","protected":false},"excerpt":{"rendered":"<p>Naslov dru\u0161tva: Dru\u0161tvo odraslih katoli\u0161kih skavtinj in skavtov Celje Breg 18 3000 Celje Vodja bratov\u0161\u010dine:\u00a0Judita Tratnik Ka\u010d (Preudarna volkulja), \u00a0judita.kac@skavt.net; 041 295 232 Pomo\u010dnik vodje bratov\u0161\u010dine:Darko Poto\u010dnik (Sr\u010dni krt),\u00a0darko.potocnik@skavt.net Tajnica: Majda Kamplet (Po\u017ertvovalna srna), majda.kamplet@siol.net Blagajni\u010darka: Angelca Pikl (Velikodu\u0161na sini\u010dka); &hellip; <a href=\"http:\/\/celje1.skavt.net\/bokss\/?page_id=6\">Continue reading <span class=\"meta-nav\">&rarr;<\/span><\/a><\/p>\n","protected":false},"author":1,"featured_media":0,"parent":0,"menu_order":0,"comment_status":"open","ping_status":"open","template":"","meta":[],"_links":{"self":[{"href":"http:\/\/celje1.skavt.net\/bokss\/index.php?rest_route=\/wp\/v2\/pages\/6"}],"collection":[{"href":"http:\/\/celje1.skavt.net\/bokss\/index.php?rest_route=\/wp\/v2\/pages"}],"about":[{"href":"http:\/\/celje1.skavt.net\/bokss\/index.php?rest_route=\/wp\/v2\/types\/page"}],"author":[{"embeddable":true,"href":"http:\/\/celje1.skavt.net\/bokss\/index.php?rest_route=\/wp\/v2\/users\/1"}],"replies":[{"embeddable":true,"href":"http:\/\/celje1.skavt.net\/bokss\/index.php?rest_route=%2Fwp%2Fv2%2Fcomments&post=6"}],"version-history":[{"count":12,"href":"http:\/\/celje1.skavt.net\/bokss\/index.php?rest_route=\/wp\/v2\/pages\/6\/revisions"}],"predecessor-version":[{"id":20,"href":"http:\/\/celje1.skavt.net\/bokss\/index.php?rest_route=\/wp\/v2\/pages\/6\/revisions\/20"}],"wp:attachment":[{"href":"http:\/\/celje1.skavt.net\/bokss\/index.php?rest_route=%2Fwp%2Fv2%2Fmedia&parent=6"}],"curies":[{"name":"wp","href":"https:\/\/api.w.org\/{rel}","templated":true}]}}