{"id":16,"date":"2011-08-15T13:35:38","date_gmt":"2011-08-15T13:35:38","guid":{"rendered":"http:\/\/celje1.skavt.net\/bokss\/?page_id=16"},"modified":"2011-08-15T13:35:38","modified_gmt":"2011-08-15T13:35:38","slug":"zastava","status":"publish","type":"page","link":"http:\/\/celje1.skavt.net\/bokss\/?page_id=16","title":{"rendered":"Zastava"},"content":{"rendered":"<div>\n<table border=\"1\" cellspacing=\"0\" cellpadding=\"0\">\n<tbody>\n<tr valign=\"top\">\n<td><img src=\"http:\/\/celje1.skavt.net\/mkac\/images\/zastava-m.jpg\" alt=\"\" width=\"220\" \/><\/td>\n<td><strong>Zastava \/ razlaga simbolov<\/strong><\/p>\n<p><strong>Oblika:<\/strong>\u00a0format 2 : 4<br \/>\n<strong>Obe\u0161anje:<\/strong>\u00a0pokon\u010dno \u2013 vise\u010de<br \/>\n<strong>Barve:<\/strong>\u00a0modra, rumena, oran\u017ena<br \/>\nModra in rumena sta povzeti po celjski zastavi. Modra in rumena sta prvi krajevni identifikaciji dru\u0161tva, oran\u017ena pa je skavtska barva.<br \/>\n<strong>Simboli:<\/strong><\/p>\n<ul>\n<li>simbol: 3 zvezde so krajevna oziroma geografska prepoznavnost.<\/li>\n<li>tao s tremi lilijami \u2013 tri lilije so simbol kr\u0161\u010danskih skavtov, tao \u2013 bratje kapucini.<\/li>\n<li>celjske zverinice \u2013 ime dru\u0161tva. Dru\u0161tvo je dobilo ime zaradi \u00bbno\u010dnega \u017eivljenja\u00ab, ki je nekaterim skavtom onemogo\u010dilo mirno spanje<\/li>\n<li>simboli so v treh \u010drkah \u2013\u00a0<strong>\u010c. O. P<\/strong>. Kratice pomenijo tri skavtske kreposti:\u00a0<strong>\u010c<\/strong>: \u010distost,\u00a0<strong>O<\/strong>: odkritosr\u010dnost,\u00a0<strong>P<\/strong>: po\u017ertvovalnost&nbsp;<\/li>\n<\/ul>\n<p>Simboli v \u010drkah pa predstavljajo tri \u017eivljenjske prostore:&nbsp;<\/p>\n<ul>\n<li>Zrak \/ sova je predstavnica ptic ter simbolizira modrost. Predstavlja tudi no\u010dno \u017eivljenje, kar je na\u0161e dru\u0161tvo \u017ee ve\u010dkrat zaznamovalo, odlo\u010dilno je bilo tudi pri izbiri imena (zverinice).<\/li>\n<li>Zemlja \/ lisjak je predstavnik kopenskih \u017eivali ter simbol zvitosti in iznajdljivosti.<\/li>\n<li>Voda \/ postrv predstavlja \u017eivljenje v vodi, \u0161e posebno v \u010disti vodi, ki je vir \u017eivljenja.<\/li>\n<\/ul>\n<\/td>\n<\/tr>\n<\/tbody>\n<\/table>\n<\/div>\n","protected":false},"excerpt":{"rendered":"<p>Zastava \/ razlaga simbolov Oblika:\u00a0format 2 : 4 Obe\u0161anje:\u00a0pokon\u010dno \u2013 vise\u010de Barve:\u00a0modra, rumena, oran\u017ena Modra in rumena sta povzeti po celjski zastavi. Modra in rumena sta prvi krajevni identifikaciji dru\u0161tva, oran\u017ena pa je skavtska barva. Simboli: simbol: 3 zvezde so &hellip; <a href=\"http:\/\/celje1.skavt.net\/bokss\/?page_id=16\">Continue reading <span class=\"meta-nav\">&rarr;<\/span><\/a><\/p>\n","protected":false},"author":1,"featured_media":0,"parent":0,"menu_order":0,"comment_status":"open","ping_status":"open","template":"","meta":[],"_links":{"self":[{"href":"http:\/\/celje1.skavt.net\/bokss\/index.php?rest_route=\/wp\/v2\/pages\/16"}],"collection":[{"href":"http:\/\/celje1.skavt.net\/bokss\/index.php?rest_route=\/wp\/v2\/pages"}],"about":[{"href":"http:\/\/celje1.skavt.net\/bokss\/index.php?rest_route=\/wp\/v2\/types\/page"}],"author":[{"embeddable":true,"href":"http:\/\/celje1.skavt.net\/bokss\/index.php?rest_route=\/wp\/v2\/users\/1"}],"replies":[{"embeddable":true,"href":"http:\/\/celje1.skavt.net\/bokss\/index.php?rest_route=%2Fwp%2Fv2%2Fcomments&post=16"}],"version-history":[{"count":1,"href":"http:\/\/celje1.skavt.net\/bokss\/index.php?rest_route=\/wp\/v2\/pages\/16\/revisions"}],"predecessor-version":[{"id":17,"href":"http:\/\/celje1.skavt.net\/bokss\/index.php?rest_route=\/wp\/v2\/pages\/16\/revisions\/17"}],"wp:attachment":[{"href":"http:\/\/celje1.skavt.net\/bokss\/index.php?rest_route=%2Fwp%2Fv2%2Fmedia&parent=16"}],"curies":[{"name":"wp","href":"https:\/\/api.w.org\/{rel}","templated":true}]}}